{"id":13,"date":"2023-03-14T20:57:22","date_gmt":"2023-03-14T20:57:22","guid":{"rendered":"https:\/\/sdrenterprisesllc.webnamesandnumbers.com\/?page_id=13"},"modified":"2023-03-16T18:50:13","modified_gmt":"2023-03-16T18:50:13","slug":"safety","status":"publish","type":"page","link":"https:\/\/www.sdrenterprisesllc.com\/es\/safety\/","title":{"rendered":"Seguridad"},"content":{"rendered":"<div data-elementor-type=\"wp-page\" data-elementor-id=\"13\" class=\"elementor elementor-13\" data-elementor-post-type=\"page\">\n\t\t\t\t\t\t<section class=\"elementor-section elementor-top-section elementor-element elementor-element-4f241c6 elementor-section-boxed elementor-section-height-default elementor-section-height-default\" data-id=\"4f241c6\" data-element_type=\"section\" data-e-type=\"section\" data-settings=\"{&quot;background_background&quot;:&quot;classic&quot;}\">\n\t\t\t\t\t\t\t<div class=\"elementor-background-overlay\"><\/div>\n\t\t\t\t\t\t\t<div class=\"elementor-container elementor-column-gap-default\">\n\t\t\t\t\t<div class=\"elementor-column elementor-col-100 elementor-top-column elementor-element elementor-element-8dee20a\" data-id=\"8dee20a\" data-element_type=\"column\" data-e-type=\"column\">\n\t\t\t<div class=\"elementor-widget-wrap elementor-element-populated\">\n\t\t\t\t\t\t<div class=\"elementor-element elementor-element-24aa45c elementor-widget elementor-widget-text-editor\" data-id=\"24aa45c\" data-element_type=\"widget\" data-e-type=\"widget\" data-widget_type=\"text-editor.default\">\n\t\t\t\t<div class=\"elementor-widget-container\">\n\t\t\t\t\t\t\t\t\t<p>Cultura de seguridad l\u00edder en la industria<\/p>\t\t\t\t\t\t\t\t<\/div>\n\t\t\t\t<\/div>\n\t\t\t\t<div class=\"elementor-element elementor-element-3a1d932 elementor-widget-divider--view-line elementor-widget elementor-widget-divider\" data-id=\"3a1d932\" data-element_type=\"widget\" data-e-type=\"widget\" data-widget_type=\"divider.default\">\n\t\t\t\t<div class=\"elementor-widget-container\">\n\t\t\t\t\t\t\t<div class=\"elementor-divider\">\n\t\t\t<span class=\"elementor-divider-separator\">\n\t\t\t\t\t\t<\/span>\n\t\t<\/div>\n\t\t\t\t\t\t<\/div>\n\t\t\t\t<\/div>\n\t\t\t\t\t<\/div>\n\t\t<\/div>\n\t\t\t\t\t<\/div>\n\t\t<\/section>\n\t\t\t\t<section class=\"elementor-section elementor-top-section elementor-element elementor-element-bd0b9c6 elementor-section-boxed elementor-section-height-default elementor-section-height-default\" data-id=\"bd0b9c6\" data-element_type=\"section\" data-e-type=\"section\">\n\t\t\t\t\t\t<div class=\"elementor-container elementor-column-gap-default\">\n\t\t\t\t\t<div class=\"elementor-column elementor-col-100 elementor-top-column elementor-element elementor-element-4e7bb64\" data-id=\"4e7bb64\" data-element_type=\"column\" data-e-type=\"column\">\n\t\t\t<div class=\"elementor-widget-wrap elementor-element-populated\">\n\t\t\t\t\t\t<div class=\"elementor-element elementor-element-8271841 elementor-widget elementor-widget-image\" data-id=\"8271841\" data-element_type=\"widget\" data-e-type=\"widget\" data-widget_type=\"image.default\">\n\t\t\t\t<div class=\"elementor-widget-container\">\n\t\t\t\t\t\t\t\t\t\t\t\t\t\t\t<img fetchpriority=\"high\" decoding=\"async\" width=\"800\" height=\"262\" src=\"https:\/\/cdn.webnamesandnumbers.com\/wp-content\/uploads\/sites\/135\/2023\/03\/14210712\/oilfield2-1024x335.jpg\" class=\"attachment-large size-large wp-image-28\" alt=\"Oil field landscape\" srcset=\"https:\/\/cdn.webnamesandnumbers.com\/wp-content\/uploads\/sites\/135\/2023\/03\/14210712\/oilfield2-1024x335.jpg 1024w, https:\/\/cdn.webnamesandnumbers.com\/wp-content\/uploads\/sites\/135\/2023\/03\/14210712\/oilfield2-300x98.jpg 300w, https:\/\/cdn.webnamesandnumbers.com\/wp-content\/uploads\/sites\/135\/2023\/03\/14210712\/oilfield2-768x251.jpg 768w, https:\/\/cdn.webnamesandnumbers.com\/wp-content\/uploads\/sites\/135\/2023\/03\/14210712\/oilfield2-1536x502.jpg 1536w, https:\/\/cdn.webnamesandnumbers.com\/wp-content\/uploads\/sites\/135\/2023\/03\/14210712\/oilfield2.jpg 1900w\" sizes=\"(max-width: 800px) 100vw, 800px\" \/>\t\t\t\t\t\t\t\t\t\t\t\t\t\t\t<\/div>\n\t\t\t\t<\/div>\n\t\t\t\t\t<\/div>\n\t\t<\/div>\n\t\t\t\t\t<\/div>\n\t\t<\/section>\n\t\t\t\t<section class=\"elementor-section elementor-top-section elementor-element elementor-element-21bae04 elementor-section-boxed elementor-section-height-default elementor-section-height-default\" data-id=\"21bae04\" data-element_type=\"section\" data-e-type=\"section\">\n\t\t\t\t\t\t<div class=\"elementor-container elementor-column-gap-default\">\n\t\t\t\t\t<div class=\"elementor-column elementor-col-100 elementor-top-column elementor-element elementor-element-2cb73e1\" data-id=\"2cb73e1\" data-element_type=\"column\" data-e-type=\"column\">\n\t\t\t<div class=\"elementor-widget-wrap elementor-element-populated\">\n\t\t\t\t\t\t<div class=\"elementor-element elementor-element-5e334e7 elementor-widget elementor-widget-text-editor\" data-id=\"5e334e7\" data-element_type=\"widget\" data-e-type=\"widget\" data-widget_type=\"text-editor.default\">\n\t\t\t\t<div class=\"elementor-widget-container\">\n\t\t\t\t\t\t\t\t\t<p><strong>Seguridad<\/strong> es un valor fundamental en <strong>DEG<\/strong>:A medida que cumplimos con los objetivos del proyecto, es nuestro primer criterio de consideraci\u00f3n en todos nuestros proyectos. Trabajamos en estrecha colaboraci\u00f3n con nuestros clientes, agencias reguladoras federales, estatales y locales para garantizar que se cumplan y comprendan todos los requisitos antes de comenzar cualquier trabajo. Utilizamos capacitaci\u00f3n PEC, ISN Networld, capacitaci\u00f3n anual sobre H2S y primeros auxilios\/RCP, reuniones de seguridad mensuales y nuestros supervisores est\u00e1n certificados en Hazwoper de 40 horas.<\/p>\t\t\t\t\t\t\t\t<\/div>\n\t\t\t\t<\/div>\n\t\t\t\t\t<\/div>\n\t\t<\/div>\n\t\t\t\t\t<\/div>\n\t\t<\/section>\n\t\t\t\t<section class=\"elementor-section elementor-top-section elementor-element elementor-element-5f6572f elementor-section-boxed elementor-section-height-default elementor-section-height-default\" data-id=\"5f6572f\" data-element_type=\"section\" data-e-type=\"section\">\n\t\t\t\t\t\t<div class=\"elementor-container elementor-column-gap-default\">\n\t\t\t\t\t<div class=\"elementor-column elementor-col-100 elementor-top-column elementor-element elementor-element-0b0c58c\" data-id=\"0b0c58c\" data-element_type=\"column\" data-e-type=\"column\">\n\t\t\t<div class=\"elementor-widget-wrap elementor-element-populated\">\n\t\t\t\t\t\t<div class=\"elementor-element elementor-element-272d249 elementor-widget elementor-widget-text-editor\" data-id=\"272d249\" data-element_type=\"widget\" data-e-type=\"widget\" data-widget_type=\"text-editor.default\">\n\t\t\t\t<div class=\"elementor-widget-container\">\n\t\t\t\t\t\t\t\t\t<p>Nuestra empresa est\u00e1 garantizada y asegurada y est\u00e1 comprometida con un entorno de trabajo seguro.<\/p>\t\t\t\t\t\t\t\t<\/div>\n\t\t\t\t<\/div>\n\t\t\t\t\t<\/div>\n\t\t<\/div>\n\t\t\t\t\t<\/div>\n\t\t<\/section>\n\t\t\t\t<section class=\"elementor-section elementor-top-section elementor-element elementor-element-1025a18 elementor-section-boxed elementor-section-height-default elementor-section-height-default\" data-id=\"1025a18\" data-element_type=\"section\" data-e-type=\"section\">\n\t\t\t\t\t\t<div class=\"elementor-container elementor-column-gap-default\">\n\t\t\t\t\t<div class=\"elementor-column elementor-col-50 elementor-top-column elementor-element elementor-element-f45840c\" data-id=\"f45840c\" data-element_type=\"column\" data-e-type=\"column\">\n\t\t\t<div class=\"elementor-widget-wrap elementor-element-populated\">\n\t\t\t\t\t\t<div class=\"elementor-element elementor-element-e3339d8 elementor-widget elementor-widget-image\" data-id=\"e3339d8\" data-element_type=\"widget\" data-e-type=\"widget\" data-widget_type=\"image.default\">\n\t\t\t\t<div class=\"elementor-widget-container\">\n\t\t\t\t\t\t\t\t\t\t\t\t\t\t\t<img decoding=\"async\" width=\"800\" height=\"600\" src=\"https:\/\/cdn.webnamesandnumbers.com\/wp-content\/uploads\/sites\/135\/2023\/03\/14210726\/13-1024x768.jpg\" class=\"attachment-large size-large wp-image-38\" alt=\"SDR Enterprises LLC logo\" srcset=\"https:\/\/cdn.webnamesandnumbers.com\/wp-content\/uploads\/sites\/135\/2023\/03\/14210726\/13-1024x768.jpg 1024w, https:\/\/cdn.webnamesandnumbers.com\/wp-content\/uploads\/sites\/135\/2023\/03\/14210726\/13-300x225.jpg 300w, https:\/\/cdn.webnamesandnumbers.com\/wp-content\/uploads\/sites\/135\/2023\/03\/14210726\/13-768x576.jpg 768w, https:\/\/cdn.webnamesandnumbers.com\/wp-content\/uploads\/sites\/135\/2023\/03\/14210726\/13-1536x1152.jpg 1536w, https:\/\/cdn.webnamesandnumbers.com\/wp-content\/uploads\/sites\/135\/2023\/03\/14210726\/13.jpg 1920w\" sizes=\"(max-width: 800px) 100vw, 800px\" \/>\t\t\t\t\t\t\t\t\t\t\t\t\t\t\t<\/div>\n\t\t\t\t<\/div>\n\t\t\t\t\t<\/div>\n\t\t<\/div>\n\t\t\t\t<div class=\"elementor-column elementor-col-50 elementor-top-column elementor-element elementor-element-972d007\" data-id=\"972d007\" data-element_type=\"column\" data-e-type=\"column\">\n\t\t\t<div class=\"elementor-widget-wrap elementor-element-populated\">\n\t\t\t\t\t\t<div class=\"elementor-element elementor-element-7d6fc04 elementor-widget elementor-widget-text-editor\" data-id=\"7d6fc04\" data-element_type=\"widget\" data-e-type=\"widget\" data-widget_type=\"text-editor.default\">\n\t\t\t\t<div class=\"elementor-widget-container\">\n\t\t\t\t\t\t\t\t\t<p>Nuestro programa incluye est\u00e1ndares b\u00e1sicos que cubren cada elemento de nuestro trabajo. Estos est\u00e1ndares se aplican a roles y responsabilidades, requieren certificaciones y licencias, auditor\u00edas e inspecciones, acciones correctivas y documentaci\u00f3n. Contamos con procedimientos operativos est\u00e1ndar que cubren actividades espec\u00edficas que deben seguirse en todos nuestros proyectos. Estos procedimientos operativos est\u00e1ndar se identifican y analizan durante las reuniones de preparaci\u00f3n por la ma\u00f1ana y por la tarde.<\/p>\t\t\t\t\t\t\t\t<\/div>\n\t\t\t\t<\/div>\n\t\t\t\t\t<\/div>\n\t\t<\/div>\n\t\t\t\t\t<\/div>\n\t\t<\/section>\n\t\t\t\t<\/div>","protected":false},"excerpt":{"rendered":"<p>Industry-Leading Safety Culture Safety is a fundamental value at SDR: As we meet project objectives, it is our first criterion of consideration in all our projects. We work closely with our clients, federal, state and local regulatory agencies to ensure that all requirements are met and understood before any work commences. We utilize PEC Training, [&hellip;]<\/p>\n","protected":false},"author":11,"featured_media":0,"parent":0,"menu_order":0,"comment_status":"closed","ping_status":"closed","template":"","meta":{"footnotes":""},"class_list":["post-13","page","type-page","status-publish","hentry"],"yoast_head":"<!-- This site is optimized with the Yoast SEO plugin v27.3 - https:\/\/yoast.com\/product\/yoast-seo-wordpress\/ -->\n<title>Safety - SDR Enterprises LLC Website<\/title>\n<meta name=\"description\" content=\"We offer industry-leading safety culture! Call SDR Enterprises LLC of Hobbs NM for all your construction and environmental needs.\" \/>\n<meta name=\"robots\" content=\"index, follow, max-snippet:-1, max-image-preview:large, max-video-preview:-1\" \/>\n<link rel=\"canonical\" href=\"https:\/\/www.sdrenterprisesllc.com\/es\/safety\/\" \/>\n<meta property=\"og:locale\" content=\"es_MX\" \/>\n<meta property=\"og:type\" content=\"article\" \/>\n<meta property=\"og:title\" content=\"Safety - SDR Enterprises LLC Website\" \/>\n<meta property=\"og:description\" content=\"We offer industry-leading safety culture! Call SDR Enterprises LLC of Hobbs NM for all your construction and environmental needs.\" \/>\n<meta property=\"og:url\" content=\"https:\/\/www.sdrenterprisesllc.com\/es\/safety\/\" \/>\n<meta property=\"og:site_name\" content=\"SDR Enterprises LLC Website\" \/>\n<meta property=\"article:modified_time\" content=\"2023-03-16T18:50:13+00:00\" \/>\n<meta property=\"og:image\" content=\"https:\/\/sdrenterprisesllc.webnamesandnumbers.com\/wp-content\/uploads\/sites\/135\/2023\/03\/oilfield2-1024x335.jpg\" \/>\n<meta name=\"twitter:card\" content=\"summary_large_image\" \/>\n<meta name=\"twitter:label1\" content=\"Tiempo de lectura\" \/>\n\t<meta name=\"twitter:data1\" content=\"2 minutos\" \/>\n<script type=\"application\/ld+json\" class=\"yoast-schema-graph\">{\"@context\":\"https:\\\/\\\/schema.org\",\"@graph\":[{\"@type\":\"WebPage\",\"@id\":\"https:\\\/\\\/www.sdrenterprisesllc.com\\\/safety\\\/\",\"url\":\"https:\\\/\\\/www.sdrenterprisesllc.com\\\/safety\\\/\",\"name\":\"Safety - SDR Enterprises LLC Website\",\"isPartOf\":{\"@id\":\"https:\\\/\\\/www.sdrenterprisesllc.com\\\/#website\"},\"primaryImageOfPage\":{\"@id\":\"https:\\\/\\\/www.sdrenterprisesllc.com\\\/safety\\\/#primaryimage\"},\"image\":{\"@id\":\"https:\\\/\\\/www.sdrenterprisesllc.com\\\/safety\\\/#primaryimage\"},\"thumbnailUrl\":\"https:\\\/\\\/sdrenterprisesllc.webnamesandnumbers.com\\\/wp-content\\\/uploads\\\/sites\\\/135\\\/2023\\\/03\\\/oilfield2-1024x335.jpg\",\"datePublished\":\"2023-03-14T20:57:22+00:00\",\"dateModified\":\"2023-03-16T18:50:13+00:00\",\"description\":\"We offer industry-leading safety culture! Call SDR Enterprises LLC of Hobbs NM for all your construction and environmental needs.\",\"breadcrumb\":{\"@id\":\"https:\\\/\\\/www.sdrenterprisesllc.com\\\/safety\\\/#breadcrumb\"},\"inLanguage\":\"es\",\"potentialAction\":[{\"@type\":\"ReadAction\",\"target\":[\"https:\\\/\\\/www.sdrenterprisesllc.com\\\/safety\\\/\"]}]},{\"@type\":\"ImageObject\",\"inLanguage\":\"es\",\"@id\":\"https:\\\/\\\/www.sdrenterprisesllc.com\\\/safety\\\/#primaryimage\",\"url\":\"https:\\\/\\\/sdrenterprisesllc.webnamesandnumbers.com\\\/wp-content\\\/uploads\\\/sites\\\/135\\\/2023\\\/03\\\/oilfield2-1024x335.jpg\",\"contentUrl\":\"https:\\\/\\\/sdrenterprisesllc.webnamesandnumbers.com\\\/wp-content\\\/uploads\\\/sites\\\/135\\\/2023\\\/03\\\/oilfield2-1024x335.jpg\"},{\"@type\":\"BreadcrumbList\",\"@id\":\"https:\\\/\\\/www.sdrenterprisesllc.com\\\/safety\\\/#breadcrumb\",\"itemListElement\":[{\"@type\":\"ListItem\",\"position\":1,\"name\":\"Home\",\"item\":\"https:\\\/\\\/www.sdrenterprisesllc.com\\\/\"},{\"@type\":\"ListItem\",\"position\":2,\"name\":\"Safety\"}]},{\"@type\":\"WebSite\",\"@id\":\"https:\\\/\\\/www.sdrenterprisesllc.com\\\/#website\",\"url\":\"https:\\\/\\\/www.sdrenterprisesllc.com\\\/\",\"name\":\"SDR Enterprises LLC Website\",\"description\":\"Client Satisfaction is our true measure of success.\",\"publisher\":{\"@id\":\"https:\\\/\\\/www.sdrenterprisesllc.com\\\/#organization\"},\"potentialAction\":[{\"@type\":\"SearchAction\",\"target\":{\"@type\":\"EntryPoint\",\"urlTemplate\":\"https:\\\/\\\/www.sdrenterprisesllc.com\\\/?s={search_term_string}\"},\"query-input\":{\"@type\":\"PropertyValueSpecification\",\"valueRequired\":true,\"valueName\":\"search_term_string\"}}],\"inLanguage\":\"es\"},{\"@type\":\"Organization\",\"@id\":\"https:\\\/\\\/www.sdrenterprisesllc.com\\\/#organization\",\"name\":\"SDR Enterprises LLC Website\",\"url\":\"https:\\\/\\\/www.sdrenterprisesllc.com\\\/\",\"logo\":{\"@type\":\"ImageObject\",\"inLanguage\":\"es\",\"@id\":\"https:\\\/\\\/www.sdrenterprisesllc.com\\\/#\\\/schema\\\/logo\\\/image\\\/\",\"url\":\"https:\\\/\\\/www.sdrenterprisesllc.com\\\/wp-content\\\/uploads\\\/sites\\\/135\\\/2023\\\/03\\\/SDRENTERPRISESLOGORED.svg\",\"contentUrl\":\"https:\\\/\\\/www.sdrenterprisesllc.com\\\/wp-content\\\/uploads\\\/sites\\\/135\\\/2023\\\/03\\\/SDRENTERPRISESLOGORED.svg\",\"width\":272,\"height\":155,\"caption\":\"SDR Enterprises LLC Website\"},\"image\":{\"@id\":\"https:\\\/\\\/www.sdrenterprisesllc.com\\\/#\\\/schema\\\/logo\\\/image\\\/\"}}]}<\/script>\n<!-- \/ Yoast SEO plugin. -->","yoast_head_json":{"title":"Safety - SDR Enterprises LLC Website","description":"We offer industry-leading safety culture! Call SDR Enterprises LLC of Hobbs NM for all your construction and environmental needs.","robots":{"index":"index","follow":"follow","max-snippet":"max-snippet:-1","max-image-preview":"max-image-preview:large","max-video-preview":"max-video-preview:-1"},"canonical":"https:\/\/www.sdrenterprisesllc.com\/es\/safety\/","og_locale":"es_MX","og_type":"article","og_title":"Safety - SDR Enterprises LLC Website","og_description":"We offer industry-leading safety culture! Call SDR Enterprises LLC of Hobbs NM for all your construction and environmental needs.","og_url":"https:\/\/www.sdrenterprisesllc.com\/es\/safety\/","og_site_name":"SDR Enterprises LLC Website","article_modified_time":"2023-03-16T18:50:13+00:00","og_image":[{"url":"https:\/\/sdrenterprisesllc.webnamesandnumbers.com\/wp-content\/uploads\/sites\/135\/2023\/03\/oilfield2-1024x335.jpg","type":"","width":"","height":""}],"twitter_card":"summary_large_image","twitter_misc":{"Tiempo de lectura":"2 minutos"},"schema":{"@context":"https:\/\/schema.org","@graph":[{"@type":"WebPage","@id":"https:\/\/www.sdrenterprisesllc.com\/safety\/","url":"https:\/\/www.sdrenterprisesllc.com\/safety\/","name":"Safety - SDR Enterprises LLC Website","isPartOf":{"@id":"https:\/\/www.sdrenterprisesllc.com\/#website"},"primaryImageOfPage":{"@id":"https:\/\/www.sdrenterprisesllc.com\/safety\/#primaryimage"},"image":{"@id":"https:\/\/www.sdrenterprisesllc.com\/safety\/#primaryimage"},"thumbnailUrl":"https:\/\/sdrenterprisesllc.webnamesandnumbers.com\/wp-content\/uploads\/sites\/135\/2023\/03\/oilfield2-1024x335.jpg","datePublished":"2023-03-14T20:57:22+00:00","dateModified":"2023-03-16T18:50:13+00:00","description":"We offer industry-leading safety culture! Call SDR Enterprises LLC of Hobbs NM for all your construction and environmental needs.","breadcrumb":{"@id":"https:\/\/www.sdrenterprisesllc.com\/safety\/#breadcrumb"},"inLanguage":"es","potentialAction":[{"@type":"ReadAction","target":["https:\/\/www.sdrenterprisesllc.com\/safety\/"]}]},{"@type":"ImageObject","inLanguage":"es","@id":"https:\/\/www.sdrenterprisesllc.com\/safety\/#primaryimage","url":"https:\/\/sdrenterprisesllc.webnamesandnumbers.com\/wp-content\/uploads\/sites\/135\/2023\/03\/oilfield2-1024x335.jpg","contentUrl":"https:\/\/sdrenterprisesllc.webnamesandnumbers.com\/wp-content\/uploads\/sites\/135\/2023\/03\/oilfield2-1024x335.jpg"},{"@type":"BreadcrumbList","@id":"https:\/\/www.sdrenterprisesllc.com\/safety\/#breadcrumb","itemListElement":[{"@type":"ListItem","position":1,"name":"Home","item":"https:\/\/www.sdrenterprisesllc.com\/"},{"@type":"ListItem","position":2,"name":"Safety"}]},{"@type":"WebSite","@id":"https:\/\/www.sdrenterprisesllc.com\/#website","url":"https:\/\/www.sdrenterprisesllc.com\/","name":"Sitio web de SDR Enterprises LLC","description":"La satisfacci\u00f3n del cliente es nuestra verdadera medida de \u00e9xito.","publisher":{"@id":"https:\/\/www.sdrenterprisesllc.com\/#organization"},"potentialAction":[{"@type":"SearchAction","target":{"@type":"EntryPoint","urlTemplate":"https:\/\/www.sdrenterprisesllc.com\/?s={search_term_string}"},"query-input":{"@type":"PropertyValueSpecification","valueRequired":true,"valueName":"search_term_string"}}],"inLanguage":"es"},{"@type":"Organization","@id":"https:\/\/www.sdrenterprisesllc.com\/#organization","name":"Sitio web de SDR Enterprises LLC","url":"https:\/\/www.sdrenterprisesllc.com\/","logo":{"@type":"ImageObject","inLanguage":"es","@id":"https:\/\/www.sdrenterprisesllc.com\/#\/schema\/logo\/image\/","url":"https:\/\/www.sdrenterprisesllc.com\/wp-content\/uploads\/sites\/135\/2023\/03\/SDRENTERPRISESLOGORED.svg","contentUrl":"https:\/\/www.sdrenterprisesllc.com\/wp-content\/uploads\/sites\/135\/2023\/03\/SDRENTERPRISESLOGORED.svg","width":272,"height":155,"caption":"SDR Enterprises LLC Website"},"image":{"@id":"https:\/\/www.sdrenterprisesllc.com\/#\/schema\/logo\/image\/"}}]}},"_links":{"self":[{"href":"https:\/\/www.sdrenterprisesllc.com\/es\/wp-json\/wp\/v2\/pages\/13","targetHints":{"allow":["GET"]}}],"collection":[{"href":"https:\/\/www.sdrenterprisesllc.com\/es\/wp-json\/wp\/v2\/pages"}],"about":[{"href":"https:\/\/www.sdrenterprisesllc.com\/es\/wp-json\/wp\/v2\/types\/page"}],"author":[{"embeddable":true,"href":"https:\/\/www.sdrenterprisesllc.com\/es\/wp-json\/wp\/v2\/users\/11"}],"replies":[{"embeddable":true,"href":"https:\/\/www.sdrenterprisesllc.com\/es\/wp-json\/wp\/v2\/comments?post=13"}],"version-history":[{"count":29,"href":"https:\/\/www.sdrenterprisesllc.com\/es\/wp-json\/wp\/v2\/pages\/13\/revisions"}],"predecessor-version":[{"id":363,"href":"https:\/\/www.sdrenterprisesllc.com\/es\/wp-json\/wp\/v2\/pages\/13\/revisions\/363"}],"wp:attachment":[{"href":"https:\/\/www.sdrenterprisesllc.com\/es\/wp-json\/wp\/v2\/media?parent=13"}],"curies":[{"name":"gracias","href":"https:\/\/api.w.org\/{rel}","templated":true}]}}